{"id":1877,"date":"2024-07-29T19:44:21","date_gmt":"2024-07-29T17:44:21","guid":{"rendered":"https:\/\/www.asanracing.com\/?post_type=product&#038;p=1877"},"modified":"2024-07-29T20:31:24","modified_gmt":"2024-07-29T18:31:24","slug":"llanta-racing-division-vr5-17","status":"publish","type":"product","link":"https:\/\/www.asanracing.com\/en\/product\/llanta-racing-division-vr5-17\/","title":{"rendered":"LLANTA RACING DIVISION VR5 17&#8243;"},"content":{"rendered":"<p>Probablemente el concepto de rueda mas completo del mercado, capaz de cubrir una larga lista de peculiaridades t\u00e9cnicas que la hacen ser indispensable en la lista de modificaciones de tu coche.<\/p>\n<p>100% dise\u00f1ada en Espa\u00f1a y de la forma mas concienzuda posible, para que no se le resista ning\u00fan tipo de circunstancia en circuitos agresivos o estilos de pilotajes fuertes.<\/p>\n<ul>\n<li>Dise\u00f1o integro RACING DIVISION<\/li>\n<li>23% mas ligera que su antecesora<\/li>\n<li>Hasta 4 refuerzos longitudinales en barril<\/li>\n<li>Moleteado interno, aumenta la eficacia del grip en neum\u00e1tico<\/li>\n<li>Gran capacidad de liberaci\u00f3n para frenadas sobredimesionadas<\/li>\n<li>Mayor rigidez horizontal gracias a su dise\u00f1o de radios<\/li>\n<li>Controles de calidad tipo VIA y JWL<\/li>\n<li>Aumento de refrigeraci\u00f3n en frenada gracias a su factor X<\/li>\n<li>Desde 7.7kg por llanta<\/li>\n<li>Precio indicado por unidad<\/li>\n<\/ul>","protected":false},"excerpt":{"rendered":"<p>Probablemente el concepto de rueda mas completo del mercado, capaz de cubrir una larga lista de peculiaridades t\u00e9cnicas que la hacen ser indispensable en la lista de modificaciones de tu coche. 100% dise\u00f1ada en Espa\u00f1a y de la forma mas concienzuda posible, para que no se le resista ning\u00fan tipo de circunstancia en circuitos agresivos [&hellip;]<\/p>","protected":false},"featured_media":1891,"comment_status":"open","ping_status":"closed","template":"","meta":[],"product_cat":[39,42],"product_tag":[],"class_list":{"0":"post-1877","1":"product","2":"type-product","3":"status-publish","4":"has-post-thumbnail","6":"product_cat-llantas","7":"product_cat-llantas-17","8":"product_shipping_class-envio-llantas-racing-division","10":"first","11":"instock","12":"taxable","13":"shipping-taxable","14":"purchasable","15":"product-type-variable"},"yoast_head":"<!-- This site is optimized with the Yoast SEO plugin v22.7 - https:\/\/yoast.com\/wordpress\/plugins\/seo\/ -->\n<title>LLANTA RACING DIVISION VR5 17&quot; | Taller de competici&oacute;n<\/title>\n<meta name=\"robots\" content=\"index, follow, max-snippet:-1, max-image-preview:large, max-video-preview:-1\" \/>\n<link rel=\"canonical\" href=\"https:\/\/www.asanracing.com\/en\/product\/llanta-racing-division-vr5-17\/\" \/>\n<meta property=\"og:locale\" content=\"en_GB\" \/>\n<meta property=\"og:type\" content=\"article\" \/>\n<meta property=\"og:title\" content=\"LLANTA RACING DIVISION VR5 17&quot; | Taller de competici&oacute;n\" \/>\n<meta property=\"og:description\" content=\"Probablemente el concepto de rueda mas completo del mercado, capaz de cubrir una larga lista de peculiaridades t\u00e9cnicas que la hacen ser indispensable en la lista de modificaciones de tu coche. 100% dise\u00f1ada en Espa\u00f1a y de la forma mas concienzuda posible, para que no se le resista ning\u00fan tipo de circunstancia en circuitos agresivos [&hellip;]\" \/>\n<meta property=\"og:url\" content=\"https:\/\/www.asanracing.com\/en\/product\/llanta-racing-division-vr5-17\/\" \/>\n<meta property=\"og:site_name\" content=\"Taller de competici&oacute;n\" \/>\n<meta property=\"article:modified_time\" content=\"2024-07-29T18:31:24+00:00\" \/>\n<meta property=\"og:image\" content=\"https:\/\/www.asanracing.com\/wp-content\/uploads\/2024\/07\/image00001-1.jpg\" \/>\n\t<meta property=\"og:image:width\" content=\"1200\" \/>\n\t<meta property=\"og:image:height\" content=\"801\" \/>\n\t<meta property=\"og:image:type\" content=\"image\/jpeg\" \/>\n<meta name=\"twitter:card\" content=\"summary_large_image\" \/>\n<meta name=\"twitter:label1\" content=\"Estimated reading time\" \/>\n\t<meta name=\"twitter:data1\" content=\"1 minute\" \/>\n<script type=\"application\/ld+json\" class=\"yoast-schema-graph\">{\"@context\":\"https:\/\/schema.org\",\"@graph\":[{\"@type\":\"WebPage\",\"@id\":\"https:\/\/www.asanracing.com\/producto\/llanta-racing-division-vr5-17\/\",\"url\":\"https:\/\/www.asanracing.com\/producto\/llanta-racing-division-vr5-17\/\",\"name\":\"LLANTA RACING DIVISION VR5 17\\\" | Taller de competici&oacute;n\",\"isPartOf\":{\"@id\":\"https:\/\/www.asanracing.com\/#website\"},\"primaryImageOfPage\":{\"@id\":\"https:\/\/www.asanracing.com\/producto\/llanta-racing-division-vr5-17\/#primaryimage\"},\"image\":{\"@id\":\"https:\/\/www.asanracing.com\/producto\/llanta-racing-division-vr5-17\/#primaryimage\"},\"thumbnailUrl\":\"https:\/\/www.asanracing.com\/wp-content\/uploads\/2024\/07\/image00001-1.jpg\",\"datePublished\":\"2024-07-29T17:44:21+00:00\",\"dateModified\":\"2024-07-29T18:31:24+00:00\",\"breadcrumb\":{\"@id\":\"https:\/\/www.asanracing.com\/producto\/llanta-racing-division-vr5-17\/#breadcrumb\"},\"inLanguage\":\"en-GB\",\"potentialAction\":[{\"@type\":\"ReadAction\",\"target\":[\"https:\/\/www.asanracing.com\/producto\/llanta-racing-division-vr5-17\/\"]}]},{\"@type\":\"ImageObject\",\"inLanguage\":\"en-GB\",\"@id\":\"https:\/\/www.asanracing.com\/producto\/llanta-racing-division-vr5-17\/#primaryimage\",\"url\":\"https:\/\/www.asanracing.com\/wp-content\/uploads\/2024\/07\/image00001-1.jpg\",\"contentUrl\":\"https:\/\/www.asanracing.com\/wp-content\/uploads\/2024\/07\/image00001-1.jpg\",\"width\":1200,\"height\":801},{\"@type\":\"BreadcrumbList\",\"@id\":\"https:\/\/www.asanracing.com\/producto\/llanta-racing-division-vr5-17\/#breadcrumb\",\"itemListElement\":[{\"@type\":\"ListItem\",\"position\":1,\"name\":\"Portada\",\"item\":\"https:\/\/www.asanracing.com\/\"},{\"@type\":\"ListItem\",\"position\":2,\"name\":\"Tienda\",\"item\":\"https:\/\/www.asanracing.com\/tienda\/\"},{\"@type\":\"ListItem\",\"position\":3,\"name\":\"LLANTA RACING DIVISION VR5 17&#8243;\"}]},{\"@type\":\"WebSite\",\"@id\":\"https:\/\/www.asanracing.com\/#website\",\"url\":\"https:\/\/www.asanracing.com\/\",\"name\":\"Taller de competici&oacute;n\",\"description\":\"Reparamos veh&iacute;culos de competici&oacute;n, taller de motos de competici&oacute;n, taller de coches de competici&oacute;n, taller de motos cl&aacute;sicas, taller de coches cl&aacute;sicos\",\"publisher\":{\"@id\":\"https:\/\/www.asanracing.com\/#organization\"},\"potentialAction\":[{\"@type\":\"SearchAction\",\"target\":{\"@type\":\"EntryPoint\",\"urlTemplate\":\"https:\/\/www.asanracing.com\/?s={search_term_string}\"},\"query-input\":\"required name=search_term_string\"}],\"inLanguage\":\"en-GB\"},{\"@type\":\"Organization\",\"@id\":\"https:\/\/www.asanracing.com\/#organization\",\"name\":\"Asan Racing\",\"url\":\"https:\/\/www.asanracing.com\/\",\"logo\":{\"@type\":\"ImageObject\",\"inLanguage\":\"en-GB\",\"@id\":\"https:\/\/www.asanracing.com\/#\/schema\/logo\/image\/\",\"url\":\"https:\/\/www.asanracing.com\/wp-content\/uploads\/2026\/02\/Logo-Vector.png\",\"contentUrl\":\"https:\/\/www.asanracing.com\/wp-content\/uploads\/2026\/02\/Logo-Vector.png\",\"width\":1657,\"height\":1329,\"caption\":\"Asan Racing\"},\"image\":{\"@id\":\"https:\/\/www.asanracing.com\/#\/schema\/logo\/image\/\"}}]}<\/script>\n<!-- \/ Yoast SEO plugin. -->","yoast_head_json":{"title":"LLANTA RACING DIVISION VR5 17\" | Taller de competici&oacute;n","robots":{"index":"index","follow":"follow","max-snippet":"max-snippet:-1","max-image-preview":"max-image-preview:large","max-video-preview":"max-video-preview:-1"},"canonical":"https:\/\/www.asanracing.com\/en\/product\/llanta-racing-division-vr5-17\/","og_locale":"en_GB","og_type":"article","og_title":"LLANTA RACING DIVISION VR5 17\" | Taller de competici&oacute;n","og_description":"Probablemente el concepto de rueda mas completo del mercado, capaz de cubrir una larga lista de peculiaridades t\u00e9cnicas que la hacen ser indispensable en la lista de modificaciones de tu coche. 100% dise\u00f1ada en Espa\u00f1a y de la forma mas concienzuda posible, para que no se le resista ning\u00fan tipo de circunstancia en circuitos agresivos [&hellip;]","og_url":"https:\/\/www.asanracing.com\/en\/product\/llanta-racing-division-vr5-17\/","og_site_name":"Taller de competici&oacute;n","article_modified_time":"2024-07-29T18:31:24+00:00","og_image":[{"width":1200,"height":801,"url":"https:\/\/www.asanracing.com\/wp-content\/uploads\/2024\/07\/image00001-1.jpg","type":"image\/jpeg"}],"twitter_card":"summary_large_image","twitter_misc":{"Estimated reading time":"1 minute"},"schema":{"@context":"https:\/\/schema.org","@graph":[{"@type":"WebPage","@id":"https:\/\/www.asanracing.com\/producto\/llanta-racing-division-vr5-17\/","url":"https:\/\/www.asanracing.com\/producto\/llanta-racing-division-vr5-17\/","name":"LLANTA RACING DIVISION VR5 17\" | Taller de competici&oacute;n","isPartOf":{"@id":"https:\/\/www.asanracing.com\/#website"},"primaryImageOfPage":{"@id":"https:\/\/www.asanracing.com\/producto\/llanta-racing-division-vr5-17\/#primaryimage"},"image":{"@id":"https:\/\/www.asanracing.com\/producto\/llanta-racing-division-vr5-17\/#primaryimage"},"thumbnailUrl":"https:\/\/www.asanracing.com\/wp-content\/uploads\/2024\/07\/image00001-1.jpg","datePublished":"2024-07-29T17:44:21+00:00","dateModified":"2024-07-29T18:31:24+00:00","breadcrumb":{"@id":"https:\/\/www.asanracing.com\/producto\/llanta-racing-division-vr5-17\/#breadcrumb"},"inLanguage":"en-GB","potentialAction":[{"@type":"ReadAction","target":["https:\/\/www.asanracing.com\/producto\/llanta-racing-division-vr5-17\/"]}]},{"@type":"ImageObject","inLanguage":"en-GB","@id":"https:\/\/www.asanracing.com\/producto\/llanta-racing-division-vr5-17\/#primaryimage","url":"https:\/\/www.asanracing.com\/wp-content\/uploads\/2024\/07\/image00001-1.jpg","contentUrl":"https:\/\/www.asanracing.com\/wp-content\/uploads\/2024\/07\/image00001-1.jpg","width":1200,"height":801},{"@type":"BreadcrumbList","@id":"https:\/\/www.asanracing.com\/producto\/llanta-racing-division-vr5-17\/#breadcrumb","itemListElement":[{"@type":"ListItem","position":1,"name":"Portada","item":"https:\/\/www.asanracing.com\/"},{"@type":"ListItem","position":2,"name":"Tienda","item":"https:\/\/www.asanracing.com\/tienda\/"},{"@type":"ListItem","position":3,"name":"LLANTA RACING DIVISION VR5 17&#8243;"}]},{"@type":"WebSite","@id":"https:\/\/www.asanracing.com\/#website","url":"https:\/\/www.asanracing.com\/","name":"Taller de competici&oacute;n","description":"Reparamos veh&iacute;culos de competici&oacute;n, taller de motos de competici&oacute;n, taller de coches de competici&oacute;n, taller de motos cl&aacute;sicas, taller de coches cl&aacute;sicos","publisher":{"@id":"https:\/\/www.asanracing.com\/#organization"},"potentialAction":[{"@type":"SearchAction","target":{"@type":"EntryPoint","urlTemplate":"https:\/\/www.asanracing.com\/?s={search_term_string}"},"query-input":"required name=search_term_string"}],"inLanguage":"en-GB"},{"@type":"Organization","@id":"https:\/\/www.asanracing.com\/#organization","name":"Asan Racing","url":"https:\/\/www.asanracing.com\/","logo":{"@type":"ImageObject","inLanguage":"en-GB","@id":"https:\/\/www.asanracing.com\/#\/schema\/logo\/image\/","url":"https:\/\/www.asanracing.com\/wp-content\/uploads\/2026\/02\/Logo-Vector.png","contentUrl":"https:\/\/www.asanracing.com\/wp-content\/uploads\/2026\/02\/Logo-Vector.png","width":1657,"height":1329,"caption":"Asan Racing"},"image":{"@id":"https:\/\/www.asanracing.com\/#\/schema\/logo\/image\/"}}]}},"_links":{"self":[{"href":"https:\/\/www.asanracing.com\/en\/wp-json\/wp\/v2\/product\/1877","targetHints":{"allow":["GET"]}}],"collection":[{"href":"https:\/\/www.asanracing.com\/en\/wp-json\/wp\/v2\/product"}],"about":[{"href":"https:\/\/www.asanracing.com\/en\/wp-json\/wp\/v2\/types\/product"}],"replies":[{"embeddable":true,"href":"https:\/\/www.asanracing.com\/en\/wp-json\/wp\/v2\/comments?post=1877"}],"wp:featuredmedia":[{"embeddable":true,"href":"https:\/\/www.asanracing.com\/en\/wp-json\/wp\/v2\/media\/1891"}],"wp:attachment":[{"href":"https:\/\/www.asanracing.com\/en\/wp-json\/wp\/v2\/media?parent=1877"}],"wp:term":[{"taxonomy":"product_cat","embeddable":true,"href":"https:\/\/www.asanracing.com\/en\/wp-json\/wp\/v2\/product_cat?post=1877"},{"taxonomy":"product_tag","embeddable":true,"href":"https:\/\/www.asanracing.com\/en\/wp-json\/wp\/v2\/product_tag?post=1877"}],"curies":[{"name":"wp","href":"https:\/\/api.w.org\/{rel}","templated":true}]}}