{"id":1569,"date":"2024-02-19T18:24:56","date_gmt":"2024-02-19T17:24:56","guid":{"rendered":"https:\/\/www.asanracing.com\/?post_type=product&#038;p=1569"},"modified":"2024-02-19T18:35:53","modified_gmt":"2024-02-19T17:35:53","slug":"mtr-racer-r","status":"publish","type":"product","link":"https:\/\/www.asanracing.com\/en\/product\/mtr-racer-r\/","title":{"rendered":"MTR RACER R"},"content":{"rendered":"<h3>La MALCOR RACER R 2021 es toda una devoradora\u00a0de asfalto.<\/h3>\n<blockquote><p><em><strong style=\"font-weight: bold;\">MALCOR<\/strong><b> nos sorprende con este nuevo look mucho mas agresivo que en pasadas campa\u00f1as y con numerosas mejoras.<\/b><b>Esta versi\u00f3n ya cuenta en la parte ciclo con las mejoras pasadas, como es la apertura de medio grado en la direcci\u00f3n de anteriores campa\u00f1as, soporte de estriberas elevadas, estribos recortados y los muelles mas duros de horquillas.<\/b><\/em><\/p><\/blockquote>\n<p><b>Este a\u00f1o como novedad incorporamos un\u00a0manillar replica RENTHAL fabricado por MALCOR, mucho mas bajo y racing para una conducci\u00f3n\u00a0mas racing. Adem\u00e1s el punto fuerte son las llantas nueva edici\u00f3n con las que conseguimos rebajar en 3kg su peso con respecto a las anteriores llantas!! Adem\u00e1s de bonitas son ligeras.\u00a0 Desde MALCOR han creado la combinaci\u00f3n perfecta en la parte ciclo y suspensi\u00f3n para que ir r\u00e1pido no sea cuesti\u00f3n de cambiar piezas en la pit bike, sino de comprar esta maravilla, echar gasolina y disfrutar en el karting bajando tiempo en cada vuelta.<\/b><\/p>\n<p>Una pit bike muy d\u00f3cil de pilotar, para nada agresiva, r\u00e1pida en curvas y muy estable, lo que nos da mucha seguridad en cada vuelta y nos hace sentir verdaderos pilotos. Consigue las m\u00e1ximas calidades con el mejor precio de todas las marcas.<\/p>\n<p><strong>Este a\u00f1o el modelo RACER R lo hemos cargado de chuches para que no tengas que gastarte ni un euro mas a posteriori. Entre otros incluye:<\/strong><\/p>\n<ul>\n<li>Palanca cambio aluminio corta en color azul.<\/li>\n<li>Estribos recortados y elevados.<\/li>\n<li>Cadena kmc 420 color oro.<\/li>\n<li>Tensores de cadena cnc azules.<\/li>\n<li>Cables de acelerador y embrague en azul.<\/li>\n<li>Pu\u00f1os protaper para facil agarre.<\/li>\n<li>Nuevo radiador de aceite XL con proteccion.<\/li>\n<li>Latiguillos metalicos.<\/li>\n<li>Carburador molkt 26mm.<\/li>\n<li>Nuevo silencioso con punta de carbono.<\/li>\n<li>Manillar bajo replica RENTHAL.<\/li>\n<li>Nuevas llantas mas ligeras 2.50 y 3.00 de aleacion de tan solo 5.2kg.<\/li>\n<li>Neumaticos a elegir en el desplegable.<\/li>\n<li>Si te subes a una RACER, ya no querr\u00e1s otra pit bike, tengas la edad que tengas, tengas la altura que tengas.<\/li>\n<li>Amortiguaci\u00f3n: Horquillas hidr\u00e1ulicas de 630mm replicas de marzocchi, nuevos muelles mas duros, con barra interior de 37mm. Regulables en compresi\u00f3n y extensi\u00f3n, regulables ambas por separado en cada barra. Amortiguador DNM MT-HRC, regulable en compresi\u00f3n, extensi\u00f3n y precarga de muelle de 80 0lbs y 325mm de longitud.<\/li>\n<li>Chasis: Acero al cromo medio grado mas abierto, con basculante recto extralargo de 440mm. Muchos siguen pensando que una buena pit bike motard debe de llevar basculante cantilver, pero se equivocan totalmente. Solo basta conseguir la configuraci\u00f3n correcta para que todo valla sobre ruedas, este basculante doble nos da una gran rigidez y aplomo en el tren trasero.<\/li>\n<li>Motor MALCOR Z 155 V01: En su \u00faltima versi\u00f3n 01 con filtro de aceite interno y plato magn\u00e9tico ligero, olvidate de la competencia que usa la versi\u00f3n mas econ\u00f3mica V02. El motor Z155 a\u00f1ade un extra de par en bajo y medio r\u00e9gimen gracias a tu plato magn\u00e9tico aligerado y sus perfectas medidas internas que ayudan a salir mejor de las curvas al abrir gas. Ahora con nuevo carburador molkt 26mm. Sin duda un potente motor refrigerado este a\u00f1o con RADIADOR XL con protecci\u00f3n para mas efectividad de refrigeraci\u00f3n.<\/li>\n<li>Kit de Frenos:\u00a0doble pist\u00f3n de gran dimensi\u00f3n con discos de freno m\u00e1s grande, de 220mm delantero y 190mm el trasero.<\/li>\n<li>Llantas: Llantas ligeras de aleaci\u00f3n de 5 palos fabricadas por MALCOR, de menos peso que todas las versiones anteriores, con tan solo 5,2kg la pareja y de unas medidas exactas para el motard mas que contrastadas, 3.00&#8243; trasera y 2,5&#8243; la delantera.<\/li>\n<li>Dise\u00f1o. Nuestro incre\u00edble dise\u00f1o malcor racer r.<\/li>\n<li>RACER: El objeto de deseo. Cuando la pilotes, no querr\u00e1s otra pit bike, y no lo decimos nosotros, lo dicen todo el que se sube a ella.<\/li>\n<li>Medidas y peso del embalaje: 142x64x43 &#8211; 75kg<\/li>\n<\/ul>","protected":false},"excerpt":{"rendered":"<p><strong>MTR RACER R 2021<\/strong>, nueva decoraci\u00f3n y nuevas mejoras con respecto a modelos anteriores. Una autentica devoradora de asfalto, llegar e ir r\u00e1pido en pista garantizado!! AHORA Puedes elegir el neum\u00e1tico que desee montar.<\/p>","protected":false},"featured_media":1576,"comment_status":"open","ping_status":"closed","template":"","meta":[],"product_cat":[31],"product_tag":[],"class_list":{"0":"post-1569","1":"product","2":"type-product","3":"status-publish","4":"has-post-thumbnail","6":"product_cat-pit-bikes","8":"first","9":"instock","10":"taxable","11":"shipping-taxable","12":"purchasable","13":"product-type-variable"},"yoast_head":"<!-- This site is optimized with the Yoast SEO plugin v22.7 - https:\/\/yoast.com\/wordpress\/plugins\/seo\/ -->\n<title>MTR RACER R | Taller de competici&oacute;n<\/title>\n<meta name=\"robots\" content=\"index, follow, max-snippet:-1, max-image-preview:large, max-video-preview:-1\" \/>\n<link rel=\"canonical\" href=\"https:\/\/www.asanracing.com\/en\/product\/mtr-racer-r\/\" \/>\n<meta property=\"og:locale\" content=\"en_GB\" \/>\n<meta property=\"og:type\" content=\"article\" \/>\n<meta property=\"og:title\" content=\"MTR RACER R | Taller de competici&oacute;n\" \/>\n<meta property=\"og:description\" content=\"MTR RACER R 2021, nueva decoraci\u00f3n y nuevas mejoras con respecto a modelos anteriores. Una autentica devoradora de asfalto, llegar e ir r\u00e1pido en pista garantizado!! AHORA Puedes elegir el neum\u00e1tico que desee montar.\" \/>\n<meta property=\"og:url\" content=\"https:\/\/www.asanracing.com\/en\/product\/mtr-racer-r\/\" \/>\n<meta property=\"og:site_name\" content=\"Taller de competici&oacute;n\" \/>\n<meta property=\"article:modified_time\" content=\"2024-02-19T17:35:53+00:00\" \/>\n<meta property=\"og:image\" content=\"https:\/\/www.asanracing.com\/wp-content\/uploads\/2024\/02\/mtr-racer-r.jpeg\" \/>\n\t<meta property=\"og:image:width\" content=\"568\" \/>\n\t<meta property=\"og:image:height\" content=\"649\" \/>\n\t<meta property=\"og:image:type\" content=\"image\/jpeg\" \/>\n<meta name=\"twitter:card\" content=\"summary_large_image\" \/>\n<meta name=\"twitter:label1\" content=\"Estimated reading time\" \/>\n\t<meta name=\"twitter:data1\" content=\"3 minutes\" \/>\n<script type=\"application\/ld+json\" class=\"yoast-schema-graph\">{\"@context\":\"https:\/\/schema.org\",\"@graph\":[{\"@type\":\"WebPage\",\"@id\":\"https:\/\/www.asanracing.com\/producto\/mtr-racer-r\/\",\"url\":\"https:\/\/www.asanracing.com\/producto\/mtr-racer-r\/\",\"name\":\"MTR RACER R | Taller de competici&oacute;n\",\"isPartOf\":{\"@id\":\"https:\/\/www.asanracing.com\/#website\"},\"primaryImageOfPage\":{\"@id\":\"https:\/\/www.asanracing.com\/producto\/mtr-racer-r\/#primaryimage\"},\"image\":{\"@id\":\"https:\/\/www.asanracing.com\/producto\/mtr-racer-r\/#primaryimage\"},\"thumbnailUrl\":\"https:\/\/www.asanracing.com\/wp-content\/uploads\/2024\/02\/mtr-racer-r.jpeg\",\"datePublished\":\"2024-02-19T17:24:56+00:00\",\"dateModified\":\"2024-02-19T17:35:53+00:00\",\"breadcrumb\":{\"@id\":\"https:\/\/www.asanracing.com\/producto\/mtr-racer-r\/#breadcrumb\"},\"inLanguage\":\"en-GB\",\"potentialAction\":[{\"@type\":\"ReadAction\",\"target\":[\"https:\/\/www.asanracing.com\/producto\/mtr-racer-r\/\"]}]},{\"@type\":\"ImageObject\",\"inLanguage\":\"en-GB\",\"@id\":\"https:\/\/www.asanracing.com\/producto\/mtr-racer-r\/#primaryimage\",\"url\":\"https:\/\/www.asanracing.com\/wp-content\/uploads\/2024\/02\/mtr-racer-r.jpeg\",\"contentUrl\":\"https:\/\/www.asanracing.com\/wp-content\/uploads\/2024\/02\/mtr-racer-r.jpeg\",\"width\":568,\"height\":649},{\"@type\":\"BreadcrumbList\",\"@id\":\"https:\/\/www.asanracing.com\/producto\/mtr-racer-r\/#breadcrumb\",\"itemListElement\":[{\"@type\":\"ListItem\",\"position\":1,\"name\":\"Portada\",\"item\":\"https:\/\/www.asanracing.com\/\"},{\"@type\":\"ListItem\",\"position\":2,\"name\":\"Tienda\",\"item\":\"https:\/\/www.asanracing.com\/tienda\/\"},{\"@type\":\"ListItem\",\"position\":3,\"name\":\"MTR RACER R\"}]},{\"@type\":\"WebSite\",\"@id\":\"https:\/\/www.asanracing.com\/#website\",\"url\":\"https:\/\/www.asanracing.com\/\",\"name\":\"Taller de competici&oacute;n\",\"description\":\"Reparamos veh&iacute;culos de competici&oacute;n, taller de motos de competici&oacute;n, taller de coches de competici&oacute;n, taller de motos cl&aacute;sicas, taller de coches cl&aacute;sicos\",\"publisher\":{\"@id\":\"https:\/\/www.asanracing.com\/#organization\"},\"potentialAction\":[{\"@type\":\"SearchAction\",\"target\":{\"@type\":\"EntryPoint\",\"urlTemplate\":\"https:\/\/www.asanracing.com\/?s={search_term_string}\"},\"query-input\":\"required name=search_term_string\"}],\"inLanguage\":\"en-GB\"},{\"@type\":\"Organization\",\"@id\":\"https:\/\/www.asanracing.com\/#organization\",\"name\":\"Asan Racing\",\"url\":\"https:\/\/www.asanracing.com\/\",\"logo\":{\"@type\":\"ImageObject\",\"inLanguage\":\"en-GB\",\"@id\":\"https:\/\/www.asanracing.com\/#\/schema\/logo\/image\/\",\"url\":\"https:\/\/www.asanracing.com\/wp-content\/uploads\/2026\/02\/Logo-Vector.png\",\"contentUrl\":\"https:\/\/www.asanracing.com\/wp-content\/uploads\/2026\/02\/Logo-Vector.png\",\"width\":1657,\"height\":1329,\"caption\":\"Asan Racing\"},\"image\":{\"@id\":\"https:\/\/www.asanracing.com\/#\/schema\/logo\/image\/\"}}]}<\/script>\n<!-- \/ Yoast SEO plugin. -->","yoast_head_json":{"title":"MTR RACER R | Taller de competici&oacute;n","robots":{"index":"index","follow":"follow","max-snippet":"max-snippet:-1","max-image-preview":"max-image-preview:large","max-video-preview":"max-video-preview:-1"},"canonical":"https:\/\/www.asanracing.com\/en\/product\/mtr-racer-r\/","og_locale":"en_GB","og_type":"article","og_title":"MTR RACER R | Taller de competici&oacute;n","og_description":"MTR RACER R 2021, nueva decoraci\u00f3n y nuevas mejoras con respecto a modelos anteriores. Una autentica devoradora de asfalto, llegar e ir r\u00e1pido en pista garantizado!! AHORA Puedes elegir el neum\u00e1tico que desee montar.","og_url":"https:\/\/www.asanracing.com\/en\/product\/mtr-racer-r\/","og_site_name":"Taller de competici&oacute;n","article_modified_time":"2024-02-19T17:35:53+00:00","og_image":[{"width":568,"height":649,"url":"https:\/\/www.asanracing.com\/wp-content\/uploads\/2024\/02\/mtr-racer-r.jpeg","type":"image\/jpeg"}],"twitter_card":"summary_large_image","twitter_misc":{"Estimated reading time":"3 minutes"},"schema":{"@context":"https:\/\/schema.org","@graph":[{"@type":"WebPage","@id":"https:\/\/www.asanracing.com\/producto\/mtr-racer-r\/","url":"https:\/\/www.asanracing.com\/producto\/mtr-racer-r\/","name":"MTR RACER R | Taller de competici&oacute;n","isPartOf":{"@id":"https:\/\/www.asanracing.com\/#website"},"primaryImageOfPage":{"@id":"https:\/\/www.asanracing.com\/producto\/mtr-racer-r\/#primaryimage"},"image":{"@id":"https:\/\/www.asanracing.com\/producto\/mtr-racer-r\/#primaryimage"},"thumbnailUrl":"https:\/\/www.asanracing.com\/wp-content\/uploads\/2024\/02\/mtr-racer-r.jpeg","datePublished":"2024-02-19T17:24:56+00:00","dateModified":"2024-02-19T17:35:53+00:00","breadcrumb":{"@id":"https:\/\/www.asanracing.com\/producto\/mtr-racer-r\/#breadcrumb"},"inLanguage":"en-GB","potentialAction":[{"@type":"ReadAction","target":["https:\/\/www.asanracing.com\/producto\/mtr-racer-r\/"]}]},{"@type":"ImageObject","inLanguage":"en-GB","@id":"https:\/\/www.asanracing.com\/producto\/mtr-racer-r\/#primaryimage","url":"https:\/\/www.asanracing.com\/wp-content\/uploads\/2024\/02\/mtr-racer-r.jpeg","contentUrl":"https:\/\/www.asanracing.com\/wp-content\/uploads\/2024\/02\/mtr-racer-r.jpeg","width":568,"height":649},{"@type":"BreadcrumbList","@id":"https:\/\/www.asanracing.com\/producto\/mtr-racer-r\/#breadcrumb","itemListElement":[{"@type":"ListItem","position":1,"name":"Portada","item":"https:\/\/www.asanracing.com\/"},{"@type":"ListItem","position":2,"name":"Tienda","item":"https:\/\/www.asanracing.com\/tienda\/"},{"@type":"ListItem","position":3,"name":"MTR RACER R"}]},{"@type":"WebSite","@id":"https:\/\/www.asanracing.com\/#website","url":"https:\/\/www.asanracing.com\/","name":"Taller de competici&oacute;n","description":"Reparamos veh&iacute;culos de competici&oacute;n, taller de motos de competici&oacute;n, taller de coches de competici&oacute;n, taller de motos cl&aacute;sicas, taller de coches cl&aacute;sicos","publisher":{"@id":"https:\/\/www.asanracing.com\/#organization"},"potentialAction":[{"@type":"SearchAction","target":{"@type":"EntryPoint","urlTemplate":"https:\/\/www.asanracing.com\/?s={search_term_string}"},"query-input":"required name=search_term_string"}],"inLanguage":"en-GB"},{"@type":"Organization","@id":"https:\/\/www.asanracing.com\/#organization","name":"Asan Racing","url":"https:\/\/www.asanracing.com\/","logo":{"@type":"ImageObject","inLanguage":"en-GB","@id":"https:\/\/www.asanracing.com\/#\/schema\/logo\/image\/","url":"https:\/\/www.asanracing.com\/wp-content\/uploads\/2026\/02\/Logo-Vector.png","contentUrl":"https:\/\/www.asanracing.com\/wp-content\/uploads\/2026\/02\/Logo-Vector.png","width":1657,"height":1329,"caption":"Asan Racing"},"image":{"@id":"https:\/\/www.asanracing.com\/#\/schema\/logo\/image\/"}}]}},"_links":{"self":[{"href":"https:\/\/www.asanracing.com\/en\/wp-json\/wp\/v2\/product\/1569","targetHints":{"allow":["GET"]}}],"collection":[{"href":"https:\/\/www.asanracing.com\/en\/wp-json\/wp\/v2\/product"}],"about":[{"href":"https:\/\/www.asanracing.com\/en\/wp-json\/wp\/v2\/types\/product"}],"replies":[{"embeddable":true,"href":"https:\/\/www.asanracing.com\/en\/wp-json\/wp\/v2\/comments?post=1569"}],"wp:featuredmedia":[{"embeddable":true,"href":"https:\/\/www.asanracing.com\/en\/wp-json\/wp\/v2\/media\/1576"}],"wp:attachment":[{"href":"https:\/\/www.asanracing.com\/en\/wp-json\/wp\/v2\/media?parent=1569"}],"wp:term":[{"taxonomy":"product_cat","embeddable":true,"href":"https:\/\/www.asanracing.com\/en\/wp-json\/wp\/v2\/product_cat?post=1569"},{"taxonomy":"product_tag","embeddable":true,"href":"https:\/\/www.asanracing.com\/en\/wp-json\/wp\/v2\/product_tag?post=1569"}],"curies":[{"name":"wp","href":"https:\/\/api.w.org\/{rel}","templated":true}]}}