{"id":1559,"date":"2024-02-19T17:55:01","date_gmt":"2024-02-19T16:55:01","guid":{"rendered":"https:\/\/www.asanracing.com\/?post_type=product&#038;p=1559"},"modified":"2024-02-19T18:10:34","modified_gmt":"2024-02-19T17:10:34","slug":"malcor-super-racer","status":"publish","type":"product","link":"https:\/\/www.asanracing.com\/en\/product\/malcor-super-racer\/","title":{"rendered":"MALCOR SUPER RACER"},"content":{"rendered":"<h3>MALCOR SUPER RACER 2023 v5<\/h3>\n<blockquote><p><em><b>M<strong>MTR MALCOR<\/strong> no tenia pensado quedarse parada y prueba de ello son las novedades que nos ofrece esta nueva temporada. Sigue sorprendiendo a todos sus fieles seguidores y a la competencia. Con esta versi\u00f3n MALCOR quiere apostar por la calidad, la exclusividad y el buen hacer para sus clientes. Apostamos siempre por las mas altas calidades y el precio lo mas ajustado posible. La MALCOR SUPER RACER es sin duda la mejor moto supermotard del mercado nacional y al mejor precio. Ideal para los pilotos mas altos.<\/b><\/em><\/p><\/blockquote>\n<p><strong>Con esta SUPERMOTARD no tendras que aflojar un euro mas en la moto, esta pensada para ir rapido en un circuito con los mejores componentes sin que tengas que pagar mas por ello. Compara y suma sus componentes con otras marcas y veras que no hay lugar a dudas para llevarte tu MALCOR SUPER RACER.<\/strong><\/p>\n<p>Este a\u00f1o, el modelo super racer incluye nuevo\u00a0<strong>manillar bajo replica de RENTHAL<\/strong>, llantas mas ligeras de 4 taladros de tan solo 5,9kg, latiguillos met\u00e1licos, cubremanos anonizados y mucho mas, todo ello fabricado con la calidad MALCOR.<\/p>\n<p><strong>Componentes de la version Super Racer<\/strong><strong>:<\/strong><\/p>\n<ul>\n<li>Disco delantero floreado 220mm.<\/li>\n<li>Disco trasero floreado 190mm<\/li>\n<li>Pu\u00f1os protaper azul mejor agarre<\/li>\n<li>Nuevo pu\u00f1o rapido<\/li>\n<li>Cadena kmc 420 oro<\/li>\n<li>Estriberas recortadas<\/li>\n<li>Tensores de cadena MALCOR CNC azul<\/li>\n<li>Nueva palanca cambio corta en alumino de color azul.<\/li>\n<li>Cubremanos de aluminio anonizados<\/li>\n<li>Nuevo manillar bajo replica RENTHAL<\/li>\n<li>Nuevas llantas con buje aligerado aun mas ligeras de 4 taladros de tan solo 5.2kg<\/li>\n<li>Horquillas regulables replica MARZOCCHI K3<\/li>\n<li>Amortiguador trasero DNM MT-BAG<\/li>\n<li>Nuevo silencioso con punta de carbono<\/li>\n<li>Neum\u00e1ticos a elegir en el desplegable<\/li>\n<li>Carburador 26mm<\/li>\n<li>Protector de bomba de freno<\/li>\n<li>Bobina antipar\u00e1sitos<\/li>\n<li>Latiguillos met\u00e1licos y radiador XL con protecci\u00f3n.<\/li>\n<li>Nueva decoraci\u00f3n.<\/li>\n<li>Dimensiones: 80cm del asiento al suelo; 99cm del manillar al suelo; 123.5cm entre ejes de llantas.<\/li>\n<li>Amortiguaci\u00f3n: Horquillas hidr\u00e1ulicas de 710mm replicas de marzocchi k3, con barra interior de 37mm. Regulables en compresi\u00f3n y extensi\u00f3n, regulables ambas por separado en cada barra. Amortiguador DNM MT-BAG, regulable en precarga y rebote con muelle de 800lbs y 325mm de longitud.<\/li>\n<li>Chasis: Acero al cromo, con basculante recto extralargo de 440mm.<br \/>\nEste a\u00f1o, malcor va mas all\u00e1 presentando un nuevo chasis de doble cuna llamado BEST FRAME mejorado con respecto a su versi\u00f3n econ\u00f3mica. Un chasis mas ligero, menos pesado y a la vez r\u00edgido, lo que nos hace disfrutar encima de la moto como un ni\u00f1o peque\u00f1o gracias a su estabilidad y pocos sustos sobre ella. Este chasis dise\u00f1ado a conciencia y probado en muchos circuitos es el id\u00f3neo para la gente alta, ya no esta vetado el deporte para los mas bajitos. Con esta moto cualquier piloto de mas de 1,80 ctmos va c\u00f3modo en ella. Ademas, este a\u00f1o con las estriberas elevadas respecto a la primera versi\u00f3n, nosotros si corregimos y mejoramos las motos.<\/li>\n<li>Motor MTR MALCOR ZS160.<br \/>\nMotor MALCOR ZS160 en su \u00faltima versi\u00f3n con filtro de aceite interno y plato magn\u00e9tico ligero. Ofrece una conducci\u00f3n m\u00e1s c\u00f3moda y relajada, a la vez que m\u00e1s efectiva. El motor ZS160 a\u00f1ade un extra de par en bajo y medio r\u00e9gimen gracias a tu plato magn\u00e9tico aligerado y sus perfectas medidas internas que ayudan a salir mejor de las curvas al abrir gas. Ahora con nuevo carburador molkt 26mm!! Sin duda un potente motor.<\/li>\n<li>Kit de Frenos:\u00a0doble pist\u00f3n de gran dimensi\u00f3n con discos de freno m\u00e1s grande flotantes de 220mm delantero y 190mm el trasero.<\/li>\n<li>Llantas: Nuevas llantas aun mas ligeras de aleaci\u00f3n fabricadas por MALCOR de menos peso y con buje aligerado como novedad, conseguimos reduce hasta en 4kg con las anteriores llantas!! y de unas medidas exactas para el motard mas que contrastadas, 3,00&#8243;x12 trasera y 2,5&#8243;x12 la delantera, con neum\u00e1ticos a elegir por el cliente. Tan solo 5,2kg de peso frente a mas de 7kg de otras marcas.<\/li>\n<li>Extras: Este a\u00f1o incluye cubremanos anonizados en azul modelo racing, latiguillos metalicos y radiador de aceite XL de gran capacidad con proteccion exterior para disipar mejor que ninguna otra pit bike el calor de tu motor.<br \/>\nAdem\u00e1s, incluye protector de bomba de freno y bobina antipar\u00e1sitos.<\/li>\n<li>Dise\u00f1o: Nuestro incre\u00edble dise\u00f1o impactante para los usuarios finales. Est\u00e9tica ktm.<\/li>\n<li>Medidas y peso del embalaje: 162x76x39cm\u00a0 &#8211;\u00a0 75\/86kg<\/li>\n<\/ul>","protected":false},"excerpt":{"rendered":"<p><strong>MTR Malcor super racer 2023<\/strong> con nuevas mejoras, latiguillos metalicos, llantas aun mas ligeras y estriberas recortadas entre otras, la soberbia de las supermotard. <strong>AHORA, ELIGE LOS NEUMATICOS A TU GUSTO<\/strong><\/p>","protected":false},"featured_media":1564,"comment_status":"open","ping_status":"closed","template":"","meta":[],"product_cat":[31],"product_tag":[],"class_list":{"0":"post-1559","1":"product","2":"type-product","3":"status-publish","4":"has-post-thumbnail","6":"product_cat-pit-bikes","8":"first","9":"instock","10":"taxable","11":"shipping-taxable","12":"purchasable","13":"product-type-variable"},"yoast_head":"<!-- This site is optimized with the Yoast SEO plugin v22.7 - https:\/\/yoast.com\/wordpress\/plugins\/seo\/ -->\n<title>MALCOR SUPER RACER | Taller de competici&oacute;n<\/title>\n<meta name=\"robots\" content=\"index, follow, max-snippet:-1, max-image-preview:large, max-video-preview:-1\" \/>\n<link rel=\"canonical\" href=\"https:\/\/www.asanracing.com\/en\/product\/malcor-super-racer\/\" \/>\n<meta property=\"og:locale\" content=\"en_GB\" \/>\n<meta property=\"og:type\" content=\"article\" \/>\n<meta property=\"og:title\" content=\"MALCOR SUPER RACER | Taller de competici&oacute;n\" \/>\n<meta property=\"og:description\" content=\"MTR Malcor super racer 2023 con nuevas mejoras, latiguillos metalicos, llantas aun mas ligeras y estriberas recortadas entre otras, la soberbia de las supermotard. AHORA, ELIGE LOS NEUMATICOS A TU GUSTO\" \/>\n<meta property=\"og:url\" content=\"https:\/\/www.asanracing.com\/en\/product\/malcor-super-racer\/\" \/>\n<meta property=\"og:site_name\" content=\"Taller de competici&oacute;n\" \/>\n<meta property=\"article:modified_time\" content=\"2024-02-19T17:10:34+00:00\" \/>\n<meta property=\"og:image\" content=\"https:\/\/www.asanracing.com\/wp-content\/uploads\/2024\/02\/malcor-super-racer.jpeg\" \/>\n\t<meta property=\"og:image:width\" content=\"568\" \/>\n\t<meta property=\"og:image:height\" content=\"649\" \/>\n\t<meta property=\"og:image:type\" content=\"image\/jpeg\" \/>\n<meta name=\"twitter:card\" content=\"summary_large_image\" \/>\n<meta name=\"twitter:label1\" content=\"Estimated reading time\" \/>\n\t<meta name=\"twitter:data1\" content=\"4 minutes\" \/>\n<script type=\"application\/ld+json\" class=\"yoast-schema-graph\">{\"@context\":\"https:\/\/schema.org\",\"@graph\":[{\"@type\":\"WebPage\",\"@id\":\"https:\/\/www.asanracing.com\/producto\/malcor-super-racer\/\",\"url\":\"https:\/\/www.asanracing.com\/producto\/malcor-super-racer\/\",\"name\":\"MALCOR SUPER RACER | Taller de competici&oacute;n\",\"isPartOf\":{\"@id\":\"https:\/\/www.asanracing.com\/#website\"},\"primaryImageOfPage\":{\"@id\":\"https:\/\/www.asanracing.com\/producto\/malcor-super-racer\/#primaryimage\"},\"image\":{\"@id\":\"https:\/\/www.asanracing.com\/producto\/malcor-super-racer\/#primaryimage\"},\"thumbnailUrl\":\"https:\/\/www.asanracing.com\/wp-content\/uploads\/2024\/02\/malcor-super-racer.jpeg\",\"datePublished\":\"2024-02-19T16:55:01+00:00\",\"dateModified\":\"2024-02-19T17:10:34+00:00\",\"breadcrumb\":{\"@id\":\"https:\/\/www.asanracing.com\/producto\/malcor-super-racer\/#breadcrumb\"},\"inLanguage\":\"en-GB\",\"potentialAction\":[{\"@type\":\"ReadAction\",\"target\":[\"https:\/\/www.asanracing.com\/producto\/malcor-super-racer\/\"]}]},{\"@type\":\"ImageObject\",\"inLanguage\":\"en-GB\",\"@id\":\"https:\/\/www.asanracing.com\/producto\/malcor-super-racer\/#primaryimage\",\"url\":\"https:\/\/www.asanracing.com\/wp-content\/uploads\/2024\/02\/malcor-super-racer.jpeg\",\"contentUrl\":\"https:\/\/www.asanracing.com\/wp-content\/uploads\/2024\/02\/malcor-super-racer.jpeg\",\"width\":568,\"height\":649},{\"@type\":\"BreadcrumbList\",\"@id\":\"https:\/\/www.asanracing.com\/producto\/malcor-super-racer\/#breadcrumb\",\"itemListElement\":[{\"@type\":\"ListItem\",\"position\":1,\"name\":\"Portada\",\"item\":\"https:\/\/www.asanracing.com\/\"},{\"@type\":\"ListItem\",\"position\":2,\"name\":\"Tienda\",\"item\":\"https:\/\/www.asanracing.com\/tienda\/\"},{\"@type\":\"ListItem\",\"position\":3,\"name\":\"MALCOR SUPER RACER\"}]},{\"@type\":\"WebSite\",\"@id\":\"https:\/\/www.asanracing.com\/#website\",\"url\":\"https:\/\/www.asanracing.com\/\",\"name\":\"Taller de competici&oacute;n\",\"description\":\"Reparamos veh&iacute;culos de competici&oacute;n, taller de motos de competici&oacute;n, taller de coches de competici&oacute;n, taller de motos cl&aacute;sicas, taller de coches cl&aacute;sicos\",\"publisher\":{\"@id\":\"https:\/\/www.asanracing.com\/#organization\"},\"potentialAction\":[{\"@type\":\"SearchAction\",\"target\":{\"@type\":\"EntryPoint\",\"urlTemplate\":\"https:\/\/www.asanracing.com\/?s={search_term_string}\"},\"query-input\":\"required name=search_term_string\"}],\"inLanguage\":\"en-GB\"},{\"@type\":\"Organization\",\"@id\":\"https:\/\/www.asanracing.com\/#organization\",\"name\":\"Asan Racing\",\"url\":\"https:\/\/www.asanracing.com\/\",\"logo\":{\"@type\":\"ImageObject\",\"inLanguage\":\"en-GB\",\"@id\":\"https:\/\/www.asanracing.com\/#\/schema\/logo\/image\/\",\"url\":\"https:\/\/www.asanracing.com\/wp-content\/uploads\/2026\/02\/Logo-Vector.png\",\"contentUrl\":\"https:\/\/www.asanracing.com\/wp-content\/uploads\/2026\/02\/Logo-Vector.png\",\"width\":1657,\"height\":1329,\"caption\":\"Asan Racing\"},\"image\":{\"@id\":\"https:\/\/www.asanracing.com\/#\/schema\/logo\/image\/\"}}]}<\/script>\n<!-- \/ Yoast SEO plugin. -->","yoast_head_json":{"title":"MALCOR SUPER RACER | Taller de competici&oacute;n","robots":{"index":"index","follow":"follow","max-snippet":"max-snippet:-1","max-image-preview":"max-image-preview:large","max-video-preview":"max-video-preview:-1"},"canonical":"https:\/\/www.asanracing.com\/en\/product\/malcor-super-racer\/","og_locale":"en_GB","og_type":"article","og_title":"MALCOR SUPER RACER | Taller de competici&oacute;n","og_description":"MTR Malcor super racer 2023 con nuevas mejoras, latiguillos metalicos, llantas aun mas ligeras y estriberas recortadas entre otras, la soberbia de las supermotard. AHORA, ELIGE LOS NEUMATICOS A TU GUSTO","og_url":"https:\/\/www.asanracing.com\/en\/product\/malcor-super-racer\/","og_site_name":"Taller de competici&oacute;n","article_modified_time":"2024-02-19T17:10:34+00:00","og_image":[{"width":568,"height":649,"url":"https:\/\/www.asanracing.com\/wp-content\/uploads\/2024\/02\/malcor-super-racer.jpeg","type":"image\/jpeg"}],"twitter_card":"summary_large_image","twitter_misc":{"Estimated reading time":"4 minutes"},"schema":{"@context":"https:\/\/schema.org","@graph":[{"@type":"WebPage","@id":"https:\/\/www.asanracing.com\/producto\/malcor-super-racer\/","url":"https:\/\/www.asanracing.com\/producto\/malcor-super-racer\/","name":"MALCOR SUPER RACER | Taller de competici&oacute;n","isPartOf":{"@id":"https:\/\/www.asanracing.com\/#website"},"primaryImageOfPage":{"@id":"https:\/\/www.asanracing.com\/producto\/malcor-super-racer\/#primaryimage"},"image":{"@id":"https:\/\/www.asanracing.com\/producto\/malcor-super-racer\/#primaryimage"},"thumbnailUrl":"https:\/\/www.asanracing.com\/wp-content\/uploads\/2024\/02\/malcor-super-racer.jpeg","datePublished":"2024-02-19T16:55:01+00:00","dateModified":"2024-02-19T17:10:34+00:00","breadcrumb":{"@id":"https:\/\/www.asanracing.com\/producto\/malcor-super-racer\/#breadcrumb"},"inLanguage":"en-GB","potentialAction":[{"@type":"ReadAction","target":["https:\/\/www.asanracing.com\/producto\/malcor-super-racer\/"]}]},{"@type":"ImageObject","inLanguage":"en-GB","@id":"https:\/\/www.asanracing.com\/producto\/malcor-super-racer\/#primaryimage","url":"https:\/\/www.asanracing.com\/wp-content\/uploads\/2024\/02\/malcor-super-racer.jpeg","contentUrl":"https:\/\/www.asanracing.com\/wp-content\/uploads\/2024\/02\/malcor-super-racer.jpeg","width":568,"height":649},{"@type":"BreadcrumbList","@id":"https:\/\/www.asanracing.com\/producto\/malcor-super-racer\/#breadcrumb","itemListElement":[{"@type":"ListItem","position":1,"name":"Portada","item":"https:\/\/www.asanracing.com\/"},{"@type":"ListItem","position":2,"name":"Tienda","item":"https:\/\/www.asanracing.com\/tienda\/"},{"@type":"ListItem","position":3,"name":"MALCOR SUPER RACER"}]},{"@type":"WebSite","@id":"https:\/\/www.asanracing.com\/#website","url":"https:\/\/www.asanracing.com\/","name":"Taller de competici&oacute;n","description":"Reparamos veh&iacute;culos de competici&oacute;n, taller de motos de competici&oacute;n, taller de coches de competici&oacute;n, taller de motos cl&aacute;sicas, taller de coches cl&aacute;sicos","publisher":{"@id":"https:\/\/www.asanracing.com\/#organization"},"potentialAction":[{"@type":"SearchAction","target":{"@type":"EntryPoint","urlTemplate":"https:\/\/www.asanracing.com\/?s={search_term_string}"},"query-input":"required name=search_term_string"}],"inLanguage":"en-GB"},{"@type":"Organization","@id":"https:\/\/www.asanracing.com\/#organization","name":"Asan Racing","url":"https:\/\/www.asanracing.com\/","logo":{"@type":"ImageObject","inLanguage":"en-GB","@id":"https:\/\/www.asanracing.com\/#\/schema\/logo\/image\/","url":"https:\/\/www.asanracing.com\/wp-content\/uploads\/2026\/02\/Logo-Vector.png","contentUrl":"https:\/\/www.asanracing.com\/wp-content\/uploads\/2026\/02\/Logo-Vector.png","width":1657,"height":1329,"caption":"Asan Racing"},"image":{"@id":"https:\/\/www.asanracing.com\/#\/schema\/logo\/image\/"}}]}},"_links":{"self":[{"href":"https:\/\/www.asanracing.com\/en\/wp-json\/wp\/v2\/product\/1559","targetHints":{"allow":["GET"]}}],"collection":[{"href":"https:\/\/www.asanracing.com\/en\/wp-json\/wp\/v2\/product"}],"about":[{"href":"https:\/\/www.asanracing.com\/en\/wp-json\/wp\/v2\/types\/product"}],"replies":[{"embeddable":true,"href":"https:\/\/www.asanracing.com\/en\/wp-json\/wp\/v2\/comments?post=1559"}],"wp:featuredmedia":[{"embeddable":true,"href":"https:\/\/www.asanracing.com\/en\/wp-json\/wp\/v2\/media\/1564"}],"wp:attachment":[{"href":"https:\/\/www.asanracing.com\/en\/wp-json\/wp\/v2\/media?parent=1559"}],"wp:term":[{"taxonomy":"product_cat","embeddable":true,"href":"https:\/\/www.asanracing.com\/en\/wp-json\/wp\/v2\/product_cat?post=1559"},{"taxonomy":"product_tag","embeddable":true,"href":"https:\/\/www.asanracing.com\/en\/wp-json\/wp\/v2\/product_tag?post=1559"}],"curies":[{"name":"wp","href":"https:\/\/api.w.org\/{rel}","templated":true}]}}