{"id":1490,"date":"2024-02-16T17:30:32","date_gmt":"2024-02-16T16:30:32","guid":{"rendered":"https:\/\/www.asanracing.com\/?post_type=product&#038;p=1490"},"modified":"2024-02-19T17:04:17","modified_gmt":"2024-02-19T16:04:17","slug":"pit-bike-minimotard-pgr-sm-r-160cc-black-edition-2023","status":"publish","type":"product","link":"https:\/\/www.asanracing.com\/en\/product\/pit-bike-minimotard-pgr-sm-r-160cc-black-edition-2023\/","title":{"rendered":"Pit Bike Minimotard PGR SM-R 160cc BLACK EDITION 2023"},"content":{"rendered":"<h3><strong>NUEVA PIT BIKE MINIMOTARD PGR SM-E 190CC E-BLACK EDITION 2023\u00a0<\/strong><\/h3>\n<blockquote><p><em><strong>PGR renueva la ya reconocida s\u00faper minimotard. Con \u00e9sta nueva SM-R 190CC BLACK EDITION, PGR lanz\u00f3 una moto alta y estable a un precio inmejorable, dando un paso m\u00e1s all\u00e1 introduciendo un nuevo chasis, ahora pintado en negro mate y basculante de Aluminio. Testada y\u00a0evolucionada en pista nuevamente en 2022 por los mejores pilotos.<\/strong><\/em><\/p><\/blockquote>\n<p><strong>Precio comedido, motor ZS\u00a0190CC BLACK EDITION\u00a0y todas las prestaciones para los m\u00e1s exigentes.<\/strong><\/p>\n<p><strong>Ficha t\u00e9cnica:<\/strong><\/p>\n<ul>\n<li><strong>Est\u00e9tica Husqvarna Black<\/strong><\/li>\n<li><b>MOTOR ZS190CC BLACK EDITION, m\u00e1xima potencia y\u00a0fiabilidad.<\/b><\/li>\n<li>Suspensi\u00f3n delantera &#8211; Horquillas full Regulables K3 doradas de 735 mm (la competencia monta R\u00e9plica Marzocchi que actualmente se consideran K1). Regulables en compresi\u00f3n y extensi\u00f3n. Con barra interior de 37 mm.<\/li>\n<li>Amortiguador trasero DNM\u00a0con triple regulaci\u00f3n\u00a0en precarga y rebote con muelles de 1000 lbs y 295 mm de longitud.<\/li>\n<li>Disco de freno delantero floreado 220 mm.<\/li>\n<li>Disco de freno trasero floreado 190 mm.<\/li>\n<li>Pu\u00f1o de gas corto YCF.<\/li>\n<li>Palanca de arranque KTM (para hacer el arranque m\u00e1s f\u00e1cil y eficiente).<\/li>\n<li>Chasis SM-22 pintado en negro mate\u00a0fabricado en aleaciones de acero que consiguen una mayor ligereza y resistencia.<\/li>\n<li>Motor ZS190cc- Black Edition. El m\u00e1s conocido por todos fiable, resistente y potente.<\/li>\n<li>Palanca de cambio y tap\u00f3n de dep\u00f3sito en Aluminio.<\/li>\n<li>Llantas DHZ Supermoto 2.5 y 3.0.<\/li>\n<li>Carburador Keihin Copy PE28 (el mejor carburador para pit bike solo superado por el Keihin PE28 Original).<\/li>\n<li>Cubremanetas de alta calidad con n\u00facleo met\u00e1lico para mayor resistencia y protector de de pl\u00e1stico para los circuitos m\u00e1s exigentes.<\/li>\n<li>Cadena KMC 420 GOLD.<\/li>\n<li>Neum\u00e1ticos PMT.<\/li>\n<li>Asiento con tapizado antideslizante.<\/li>\n<li>Peso de la moto en vac\u00edo 72 kgs.<\/li>\n<li>Radiador GRANDE Sobre dimensionado con manguitos met\u00e1licos.<\/li>\n<\/ul>","protected":false},"excerpt":{"rendered":"<p><strong>NUEVA PIT BIKE MINIMOTARD PGR SM-R 190CC BLACK EDITION 2023 &#8211; Moto y motor mejor valorados 2019-2020-2021-2022<br \/>\n<\/strong>PRECIO SIN NEUMATICOS<\/p>\n<p>Referencia: SM-R160<\/p>\n<p><strong>* Si quieres neum\u00e1ticos PMT selecciona el compuesto en el desplegable!!<\/strong><\/p>\n<p>PGR renueva la ya reconocida s\u00faper minimotard. Con \u00e9sta nueva SM-R 190CC BLACK EDITION, PGR lanz\u00f3 una moto alta y estable a un precio inmejorable, dando un paso m\u00e1s all\u00e1 introduciendo un nuevo chasis, ahora pintado en negro mate y basculante de Aluminio. Testada y\u00a0evolucionada en pista nuevamente en 2022 por los mejores pilotos.<\/p>","protected":false},"featured_media":1514,"comment_status":"open","ping_status":"closed","template":"","meta":[],"product_cat":[31],"product_tag":[],"class_list":{"0":"post-1490","1":"product","2":"type-product","3":"status-publish","4":"has-post-thumbnail","6":"product_cat-pit-bikes","8":"first","9":"instock","10":"taxable","11":"shipping-taxable","12":"purchasable","13":"product-type-variable"},"yoast_head":"<!-- This site is optimized with the Yoast SEO plugin v22.7 - https:\/\/yoast.com\/wordpress\/plugins\/seo\/ -->\n<title>Pit Bike Minimotard PGR SM-R 160cc BLACK EDITION 2023 | Taller de competici&oacute;n<\/title>\n<meta name=\"robots\" content=\"index, follow, max-snippet:-1, max-image-preview:large, max-video-preview:-1\" \/>\n<link rel=\"canonical\" href=\"https:\/\/www.asanracing.com\/en\/product\/pit-bike-minimotard-pgr-sm-r-160cc-black-edition-2023\/\" \/>\n<meta property=\"og:locale\" content=\"en_GB\" \/>\n<meta property=\"og:type\" content=\"article\" \/>\n<meta property=\"og:title\" content=\"Pit Bike Minimotard PGR SM-R 160cc BLACK EDITION 2023 | Taller de competici&oacute;n\" \/>\n<meta property=\"og:description\" content=\"NUEVA PIT BIKE MINIMOTARD PGR SM-R 190CC BLACK EDITION 2023 - Moto y motor mejor valorados 2019-2020-2021-2022 PRECIO SIN NEUMATICOS  Referencia: SM-R160  * Si quieres neum\u00e1ticos PMT selecciona el compuesto en el desplegable!!  PGR renueva la ya reconocida s\u00faper minimotard. Con \u00e9sta nueva SM-R 190CC BLACK EDITION, PGR lanz\u00f3 una moto alta y estable a un precio inmejorable, dando un paso m\u00e1s all\u00e1 introduciendo un nuevo chasis, ahora pintado en negro mate y basculante de Aluminio. Testada y\u00a0evolucionada en pista nuevamente en 2022 por los mejores pilotos.\" \/>\n<meta property=\"og:url\" content=\"https:\/\/www.asanracing.com\/en\/product\/pit-bike-minimotard-pgr-sm-r-160cc-black-edition-2023\/\" \/>\n<meta property=\"og:site_name\" content=\"Taller de competici&oacute;n\" \/>\n<meta property=\"article:modified_time\" content=\"2024-02-19T16:04:17+00:00\" \/>\n<meta property=\"og:image\" content=\"https:\/\/www.asanracing.com\/wp-content\/uploads\/2024\/02\/pit-bike-minimotard-pgr-sm-r-160cc-black-edition-2023_Portada.jpeg\" \/>\n\t<meta property=\"og:image:width\" content=\"1100\" \/>\n\t<meta property=\"og:image:height\" content=\"1422\" \/>\n\t<meta property=\"og:image:type\" content=\"image\/jpeg\" \/>\n<meta name=\"twitter:card\" content=\"summary_large_image\" \/>\n<meta name=\"twitter:label1\" content=\"Estimated reading time\" \/>\n\t<meta name=\"twitter:data1\" content=\"1 minute\" \/>\n<script type=\"application\/ld+json\" class=\"yoast-schema-graph\">{\"@context\":\"https:\/\/schema.org\",\"@graph\":[{\"@type\":\"WebPage\",\"@id\":\"https:\/\/www.asanracing.com\/producto\/pit-bike-minimotard-pgr-sm-r-160cc-black-edition-2023\/\",\"url\":\"https:\/\/www.asanracing.com\/producto\/pit-bike-minimotard-pgr-sm-r-160cc-black-edition-2023\/\",\"name\":\"Pit Bike Minimotard PGR SM-R 160cc BLACK EDITION 2023 | Taller de competici&oacute;n\",\"isPartOf\":{\"@id\":\"https:\/\/www.asanracing.com\/#website\"},\"primaryImageOfPage\":{\"@id\":\"https:\/\/www.asanracing.com\/producto\/pit-bike-minimotard-pgr-sm-r-160cc-black-edition-2023\/#primaryimage\"},\"image\":{\"@id\":\"https:\/\/www.asanracing.com\/producto\/pit-bike-minimotard-pgr-sm-r-160cc-black-edition-2023\/#primaryimage\"},\"thumbnailUrl\":\"https:\/\/www.asanracing.com\/wp-content\/uploads\/2024\/02\/pit-bike-minimotard-pgr-sm-r-160cc-black-edition-2023_Portada.jpeg\",\"datePublished\":\"2024-02-16T16:30:32+00:00\",\"dateModified\":\"2024-02-19T16:04:17+00:00\",\"breadcrumb\":{\"@id\":\"https:\/\/www.asanracing.com\/producto\/pit-bike-minimotard-pgr-sm-r-160cc-black-edition-2023\/#breadcrumb\"},\"inLanguage\":\"en-GB\",\"potentialAction\":[{\"@type\":\"ReadAction\",\"target\":[\"https:\/\/www.asanracing.com\/producto\/pit-bike-minimotard-pgr-sm-r-160cc-black-edition-2023\/\"]}]},{\"@type\":\"ImageObject\",\"inLanguage\":\"en-GB\",\"@id\":\"https:\/\/www.asanracing.com\/producto\/pit-bike-minimotard-pgr-sm-r-160cc-black-edition-2023\/#primaryimage\",\"url\":\"https:\/\/www.asanracing.com\/wp-content\/uploads\/2024\/02\/pit-bike-minimotard-pgr-sm-r-160cc-black-edition-2023_Portada.jpeg\",\"contentUrl\":\"https:\/\/www.asanracing.com\/wp-content\/uploads\/2024\/02\/pit-bike-minimotard-pgr-sm-r-160cc-black-edition-2023_Portada.jpeg\",\"width\":1100,\"height\":1422},{\"@type\":\"BreadcrumbList\",\"@id\":\"https:\/\/www.asanracing.com\/producto\/pit-bike-minimotard-pgr-sm-r-160cc-black-edition-2023\/#breadcrumb\",\"itemListElement\":[{\"@type\":\"ListItem\",\"position\":1,\"name\":\"Portada\",\"item\":\"https:\/\/www.asanracing.com\/\"},{\"@type\":\"ListItem\",\"position\":2,\"name\":\"Tienda\",\"item\":\"https:\/\/www.asanracing.com\/tienda\/\"},{\"@type\":\"ListItem\",\"position\":3,\"name\":\"Pit Bike Minimotard PGR SM-R 160cc BLACK EDITION 2023\"}]},{\"@type\":\"WebSite\",\"@id\":\"https:\/\/www.asanracing.com\/#website\",\"url\":\"https:\/\/www.asanracing.com\/\",\"name\":\"Taller de competici&oacute;n\",\"description\":\"Reparamos veh&iacute;culos de competici&oacute;n, taller de motos de competici&oacute;n, taller de coches de competici&oacute;n, taller de motos cl&aacute;sicas, taller de coches cl&aacute;sicos\",\"publisher\":{\"@id\":\"https:\/\/www.asanracing.com\/#organization\"},\"potentialAction\":[{\"@type\":\"SearchAction\",\"target\":{\"@type\":\"EntryPoint\",\"urlTemplate\":\"https:\/\/www.asanracing.com\/?s={search_term_string}\"},\"query-input\":\"required name=search_term_string\"}],\"inLanguage\":\"en-GB\"},{\"@type\":\"Organization\",\"@id\":\"https:\/\/www.asanracing.com\/#organization\",\"name\":\"Asan Racing\",\"url\":\"https:\/\/www.asanracing.com\/\",\"logo\":{\"@type\":\"ImageObject\",\"inLanguage\":\"en-GB\",\"@id\":\"https:\/\/www.asanracing.com\/#\/schema\/logo\/image\/\",\"url\":\"https:\/\/www.asanracing.com\/wp-content\/uploads\/2026\/02\/Logo-Vector.png\",\"contentUrl\":\"https:\/\/www.asanracing.com\/wp-content\/uploads\/2026\/02\/Logo-Vector.png\",\"width\":1657,\"height\":1329,\"caption\":\"Asan Racing\"},\"image\":{\"@id\":\"https:\/\/www.asanracing.com\/#\/schema\/logo\/image\/\"}}]}<\/script>\n<!-- \/ Yoast SEO plugin. -->","yoast_head_json":{"title":"Pit Bike Minimotard PGR SM-R 160cc BLACK EDITION 2023 | Taller de competici&oacute;n","robots":{"index":"index","follow":"follow","max-snippet":"max-snippet:-1","max-image-preview":"max-image-preview:large","max-video-preview":"max-video-preview:-1"},"canonical":"https:\/\/www.asanracing.com\/en\/product\/pit-bike-minimotard-pgr-sm-r-160cc-black-edition-2023\/","og_locale":"en_GB","og_type":"article","og_title":"Pit Bike Minimotard PGR SM-R 160cc BLACK EDITION 2023 | Taller de competici&oacute;n","og_description":"NUEVA PIT BIKE MINIMOTARD PGR SM-R 190CC BLACK EDITION 2023 - Moto y motor mejor valorados 2019-2020-2021-2022 PRECIO SIN NEUMATICOS  Referencia: SM-R160  * Si quieres neum\u00e1ticos PMT selecciona el compuesto en el desplegable!!  PGR renueva la ya reconocida s\u00faper minimotard. Con \u00e9sta nueva SM-R 190CC BLACK EDITION, PGR lanz\u00f3 una moto alta y estable a un precio inmejorable, dando un paso m\u00e1s all\u00e1 introduciendo un nuevo chasis, ahora pintado en negro mate y basculante de Aluminio. Testada y\u00a0evolucionada en pista nuevamente en 2022 por los mejores pilotos.","og_url":"https:\/\/www.asanracing.com\/en\/product\/pit-bike-minimotard-pgr-sm-r-160cc-black-edition-2023\/","og_site_name":"Taller de competici&oacute;n","article_modified_time":"2024-02-19T16:04:17+00:00","og_image":[{"width":1100,"height":1422,"url":"https:\/\/www.asanracing.com\/wp-content\/uploads\/2024\/02\/pit-bike-minimotard-pgr-sm-r-160cc-black-edition-2023_Portada.jpeg","type":"image\/jpeg"}],"twitter_card":"summary_large_image","twitter_misc":{"Estimated reading time":"1 minute"},"schema":{"@context":"https:\/\/schema.org","@graph":[{"@type":"WebPage","@id":"https:\/\/www.asanracing.com\/producto\/pit-bike-minimotard-pgr-sm-r-160cc-black-edition-2023\/","url":"https:\/\/www.asanracing.com\/producto\/pit-bike-minimotard-pgr-sm-r-160cc-black-edition-2023\/","name":"Pit Bike Minimotard PGR SM-R 160cc BLACK EDITION 2023 | Taller de competici&oacute;n","isPartOf":{"@id":"https:\/\/www.asanracing.com\/#website"},"primaryImageOfPage":{"@id":"https:\/\/www.asanracing.com\/producto\/pit-bike-minimotard-pgr-sm-r-160cc-black-edition-2023\/#primaryimage"},"image":{"@id":"https:\/\/www.asanracing.com\/producto\/pit-bike-minimotard-pgr-sm-r-160cc-black-edition-2023\/#primaryimage"},"thumbnailUrl":"https:\/\/www.asanracing.com\/wp-content\/uploads\/2024\/02\/pit-bike-minimotard-pgr-sm-r-160cc-black-edition-2023_Portada.jpeg","datePublished":"2024-02-16T16:30:32+00:00","dateModified":"2024-02-19T16:04:17+00:00","breadcrumb":{"@id":"https:\/\/www.asanracing.com\/producto\/pit-bike-minimotard-pgr-sm-r-160cc-black-edition-2023\/#breadcrumb"},"inLanguage":"en-GB","potentialAction":[{"@type":"ReadAction","target":["https:\/\/www.asanracing.com\/producto\/pit-bike-minimotard-pgr-sm-r-160cc-black-edition-2023\/"]}]},{"@type":"ImageObject","inLanguage":"en-GB","@id":"https:\/\/www.asanracing.com\/producto\/pit-bike-minimotard-pgr-sm-r-160cc-black-edition-2023\/#primaryimage","url":"https:\/\/www.asanracing.com\/wp-content\/uploads\/2024\/02\/pit-bike-minimotard-pgr-sm-r-160cc-black-edition-2023_Portada.jpeg","contentUrl":"https:\/\/www.asanracing.com\/wp-content\/uploads\/2024\/02\/pit-bike-minimotard-pgr-sm-r-160cc-black-edition-2023_Portada.jpeg","width":1100,"height":1422},{"@type":"BreadcrumbList","@id":"https:\/\/www.asanracing.com\/producto\/pit-bike-minimotard-pgr-sm-r-160cc-black-edition-2023\/#breadcrumb","itemListElement":[{"@type":"ListItem","position":1,"name":"Portada","item":"https:\/\/www.asanracing.com\/"},{"@type":"ListItem","position":2,"name":"Tienda","item":"https:\/\/www.asanracing.com\/tienda\/"},{"@type":"ListItem","position":3,"name":"Pit Bike Minimotard PGR SM-R 160cc BLACK EDITION 2023"}]},{"@type":"WebSite","@id":"https:\/\/www.asanracing.com\/#website","url":"https:\/\/www.asanracing.com\/","name":"Taller de competici&oacute;n","description":"Reparamos veh&iacute;culos de competici&oacute;n, taller de motos de competici&oacute;n, taller de coches de competici&oacute;n, taller de motos cl&aacute;sicas, taller de coches cl&aacute;sicos","publisher":{"@id":"https:\/\/www.asanracing.com\/#organization"},"potentialAction":[{"@type":"SearchAction","target":{"@type":"EntryPoint","urlTemplate":"https:\/\/www.asanracing.com\/?s={search_term_string}"},"query-input":"required name=search_term_string"}],"inLanguage":"en-GB"},{"@type":"Organization","@id":"https:\/\/www.asanracing.com\/#organization","name":"Asan Racing","url":"https:\/\/www.asanracing.com\/","logo":{"@type":"ImageObject","inLanguage":"en-GB","@id":"https:\/\/www.asanracing.com\/#\/schema\/logo\/image\/","url":"https:\/\/www.asanracing.com\/wp-content\/uploads\/2026\/02\/Logo-Vector.png","contentUrl":"https:\/\/www.asanracing.com\/wp-content\/uploads\/2026\/02\/Logo-Vector.png","width":1657,"height":1329,"caption":"Asan Racing"},"image":{"@id":"https:\/\/www.asanracing.com\/#\/schema\/logo\/image\/"}}]}},"_links":{"self":[{"href":"https:\/\/www.asanracing.com\/en\/wp-json\/wp\/v2\/product\/1490","targetHints":{"allow":["GET"]}}],"collection":[{"href":"https:\/\/www.asanracing.com\/en\/wp-json\/wp\/v2\/product"}],"about":[{"href":"https:\/\/www.asanracing.com\/en\/wp-json\/wp\/v2\/types\/product"}],"replies":[{"embeddable":true,"href":"https:\/\/www.asanracing.com\/en\/wp-json\/wp\/v2\/comments?post=1490"}],"wp:featuredmedia":[{"embeddable":true,"href":"https:\/\/www.asanracing.com\/en\/wp-json\/wp\/v2\/media\/1514"}],"wp:attachment":[{"href":"https:\/\/www.asanracing.com\/en\/wp-json\/wp\/v2\/media?parent=1490"}],"wp:term":[{"taxonomy":"product_cat","embeddable":true,"href":"https:\/\/www.asanracing.com\/en\/wp-json\/wp\/v2\/product_cat?post=1490"},{"taxonomy":"product_tag","embeddable":true,"href":"https:\/\/www.asanracing.com\/en\/wp-json\/wp\/v2\/product_tag?post=1490"}],"curies":[{"name":"wp","href":"https:\/\/api.w.org\/{rel}","templated":true}]}}